{"id":2,"date":"2016-07-21T06:33:16","date_gmt":"2016-07-21T06:33:16","guid":{"rendered":"http:\/\/tepish.xyz\/blog\/?page_id=2"},"modified":"2017-02-06T11:59:38","modified_gmt":"2017-02-06T11:59:38","slug":"about","status":"publish","type":"page","link":"https:\/\/tepish.xyz\/blog\/about\/","title":{"rendered":"Blogista"},"content":{"rendered":"<div class=\"entry\">\n<p>T\u00e4m\u00e4n blogin olen aloittanut hein\u00e4kuussa 2016.<\/p>\n<p>T\u00e4m\u00e4n blogin aihepiiri on melkoisen laaja ja olen aiheita kategorioinut eri aihepiireihin.<\/p>\n<p>Tuntuu aikapaljon tulevan viihde puolta t\u00e4\u00e4ll\u00e4 pohdiskeltua aina sen mukaan mit\u00e4 on kokenut erilaisia juttuja. Elokuvia on tullut k\u00e4yty\u00e4 katsomassa viime aikoina melkoisesti enemm\u00e4n kuin pitkiin aikoihin. T\u00e4h\u00e4n on vaikuttanut osiltaan se, ett\u00e4 olen saanut elokuvalippuja <a href=\"http:\/\/www.finnkino.fi\/elokuvapaneeli\">elokuvapaneelin<\/a> kautta, sek\u00e4 my\u00f6s se ett\u00e4 omaan makuun on tullut runsaasti elokuvia joita katsella.<\/p>\n<p>Olen my\u00f6s t\u00e4\u00e4ll\u00e4 pohtinut omaan el\u00e4m\u00e4\u00e4ni liittyvi\u00e4 asioita ja sellaisia asioita joihin koen tarvetta puuttua.<\/p>\n<p>Kaikki graafinen materiaali sivuilla (taustakuvat, logo, t\u00e4hdet jne..), lukuun ottamatta tapahtumien julisteita (haettu suoraan ko. tapahtuman materiaalista) tms.. on omaa k\u00e4sialaani ne on tehty joko Blenderill\u00e4 tai Gimpill\u00e4 (tai niiden yhdistelm\u00e4ll\u00e4).<\/p>\n<p>Teppo Kuusela \/ teppo[AT]tepish.net ([AT] =@)<\/p>\n<\/div>\n","protected":false},"excerpt":{"rendered":"<p>T\u00e4m\u00e4n blogin olen aloittanut hein\u00e4kuussa 2016. T\u00e4m\u00e4n blogin aihepiiri on melkoisen laaja ja olen aiheita kategorioinut eri aihepiireihin. Tuntuu aikapaljon tulevan viihde puolta t\u00e4\u00e4ll\u00e4 pohdiskeltua aina sen mukaan mit\u00e4 on kokenut erilaisia juttuja. Elokuvia on tullut k\u00e4yty\u00e4 katsomassa viime aikoina melkoisesti enemm\u00e4n kuin pitkiin aikoihin. T\u00e4h\u00e4n on vaikuttanut osiltaan se, ett\u00e4 olen saanut elokuvalippuja elokuvapaneelin &#8230;<\/p>\n","protected":false},"author":1,"featured_media":0,"parent":0,"menu_order":0,"comment_status":"open","ping_status":"open","template":"","meta":{"footnotes":""},"class_list":["post-2","page","type-page","status-publish"],"_links":{"self":[{"href":"https:\/\/tepish.xyz\/blog\/wp-json\/wp\/v2\/pages\/2","targetHints":{"allow":["GET"]}}],"collection":[{"href":"https:\/\/tepish.xyz\/blog\/wp-json\/wp\/v2\/pages"}],"about":[{"href":"https:\/\/tepish.xyz\/blog\/wp-json\/wp\/v2\/types\/page"}],"author":[{"embeddable":true,"href":"https:\/\/tepish.xyz\/blog\/wp-json\/wp\/v2\/users\/1"}],"replies":[{"embeddable":true,"href":"https:\/\/tepish.xyz\/blog\/wp-json\/wp\/v2\/comments?post=2"}],"version-history":[{"count":5,"href":"https:\/\/tepish.xyz\/blog\/wp-json\/wp\/v2\/pages\/2\/revisions"}],"predecessor-version":[{"id":111,"href":"https:\/\/tepish.xyz\/blog\/wp-json\/wp\/v2\/pages\/2\/revisions\/111"}],"wp:attachment":[{"href":"https:\/\/tepish.xyz\/blog\/wp-json\/wp\/v2\/media?parent=2"}],"curies":[{"name":"wp","href":"https:\/\/api.w.org\/{rel}","templated":true}]}}